{"id":6929,"date":"2021-10-06T12:39:15","date_gmt":"2021-10-06T10:39:15","guid":{"rendered":"https:\/\/frydxvs.cluster030.hosting.ovh.net\/?post_type=product&#038;p=6929"},"modified":"2025-07-22T13:50:09","modified_gmt":"2025-07-22T11:50:09","slug":"obroza-grandmas-sweater","status":"publish","type":"product","link":"https:\/\/dev.baylabel.eu\/en\/product\/obroza-grandmas-sweater\/","title":{"rendered":"Dog Collar\u2013 Grandma`s Sweater"},"content":{"rendered":"<p><strong>XS<\/strong>\u00a0(21-25cm)\u00a0<strong>S<\/strong>\u00a0(28-35cm)\u00a0<strong>M<\/strong>\u00a0(34-45cm)\u00a0<strong>L<\/strong>\u00a0(40-55cm)\u00a0<strong>XL<\/strong>\u00a0(45-65cm)<\/p>\n<p><strong>ta\u015bma:<\/strong>\u00a0mocna, g\u0142adka ta\u015bma z naszym autorskim wzorem, kt\u00f3ra zachowuje sw\u00f3j wygl\u0105d na d\u0142ugo. Bardzo \u0142atwa w czyszczeniu i piel\u0119gnacji.<\/p>\n<p><strong>okucia:<\/strong>\u00a0metalowe elementy zosta\u0142y pokryte czarnym kolorem zabezpieczaj\u0105cym akcesoria przed korozj\u0105.<\/p>","protected":false},"excerpt":{"rendered":"<p>XS\u00a0(21-25cm)\u00a0S\u00a0(28-35cm)\u00a0M\u00a0(34-45cm)\u00a0L\u00a0(40-55cm)\u00a0XL\u00a0(45-65cm) ta\u015bma:\u00a0mocna, g\u0142adka ta\u015bma z naszym autorskim wzorem, kt\u00f3ra zachowuje sw\u00f3j wygl\u0105d na d\u0142ugo. Bardzo \u0142atwa w czyszczeniu i piel\u0119gnacji. okucia:\u00a0metalowe elementy zosta\u0142y pokryte czarnym kolorem zabezpieczaj\u0105cym akcesoria przed korozj\u0105.<\/p>","protected":false},"featured_media":6947,"template":"","meta":{"_acf_changed":false,"inline_featured_image":false},"product_brand":[],"product_cat":[154,50,49],"product_tag":[],"class_list":{"0":"post-6929","1":"product","2":"type-product","3":"status-publish","4":"has-post-thumbnail","6":"product_cat-grandmas-sweater","7":"product_cat-obroze-obroze","8":"product_cat-obroze","10":"first","11":"instock","12":"taxable","13":"shipping-taxable","14":"purchasable","15":"product-type-variable"},"acf":[],"_links":{"self":[{"href":"https:\/\/dev.baylabel.eu\/en\/wp-json\/wp\/v2\/product\/6929","targetHints":{"allow":["GET"]}}],"collection":[{"href":"https:\/\/dev.baylabel.eu\/en\/wp-json\/wp\/v2\/product"}],"about":[{"href":"https:\/\/dev.baylabel.eu\/en\/wp-json\/wp\/v2\/types\/product"}],"wp:featuredmedia":[{"embeddable":true,"href":"https:\/\/dev.baylabel.eu\/en\/wp-json\/wp\/v2\/media\/6947"}],"wp:attachment":[{"href":"https:\/\/dev.baylabel.eu\/en\/wp-json\/wp\/v2\/media?parent=6929"}],"wp:term":[{"taxonomy":"product_brand","embeddable":true,"href":"https:\/\/dev.baylabel.eu\/en\/wp-json\/wp\/v2\/product_brand?post=6929"},{"taxonomy":"product_cat","embeddable":true,"href":"https:\/\/dev.baylabel.eu\/en\/wp-json\/wp\/v2\/product_cat?post=6929"},{"taxonomy":"product_tag","embeddable":true,"href":"https:\/\/dev.baylabel.eu\/en\/wp-json\/wp\/v2\/product_tag?post=6929"}],"curies":[{"name":"wp","href":"https:\/\/api.w.org\/{rel}","templated":true}]}}