{"id":7839,"date":"2021-12-20T15:11:18","date_gmt":"2021-12-20T14:11:18","guid":{"rendered":"https:\/\/frydxvs.cluster030.hosting.ovh.net\/?post_type=product&#038;p=7839"},"modified":"2025-07-22T13:31:08","modified_gmt":"2025-07-22T11:31:08","slug":"obroza-polzaciskowa-crazy-bananas","status":"publish","type":"product","link":"https:\/\/dev.baylabel.eu\/en\/product\/obroza-polzaciskowa-crazy-bananas\/","title":{"rendered":"Half-Clamp Collar - Crazy Bananas"},"content":{"rendered":"<p><strong>S<\/strong> (31-35cm) <strong>M<\/strong> (34-45cm) <strong>L<\/strong> (40-55cm) <strong>XL<\/strong> (45-65cm)<\/p>\n<p>Crazy Bananas<\/p>\n<p><strong>ta\u015bma:<\/strong>\u00a0mocna, g\u0142adka ta\u015bma z naszym autorskim wzorem, kt\u00f3ra zachowuje sw\u00f3j wygl\u0105d na d\u0142ugo. Bardzo \u0142atwa w czyszczeniu i piel\u0119gnacji.<\/p>\n<p><strong>okucia:<\/strong>\u00a0metalowe elementy zosta\u0142y pokryte czarnym kolorem zabezpieczaj\u0105cym akcesoria przed korozj\u0105.<\/p>\n<p><strong>ta\u015bma zadrukowana dwustronnie<\/strong><\/p>\n<p>Zacisk nie jest wliczony w obw\u00f3d obro\u017cy (zacisk ma ok. 7-8 cm)<\/p>","protected":false},"excerpt":{"rendered":"<p>S (31-35cm) M (34-45cm) L (40-55cm) XL (45-65cm) Crazy Bananas ta\u015bma:\u00a0mocna, g\u0142adka ta\u015bma z naszym autorskim wzorem, kt\u00f3ra zachowuje sw\u00f3j wygl\u0105d na d\u0142ugo. Bardzo \u0142atwa w czyszczeniu i piel\u0119gnacji. okucia:\u00a0metalowe elementy zosta\u0142y pokryte czarnym kolorem zabezpieczaj\u0105cym akcesoria przed korozj\u0105. ta\u015bma zadrukowana dwustronnie Zacisk nie jest wliczony w obw\u00f3d obro\u017cy (zacisk ma ok. 7-8 cm)<\/p>","protected":false},"featured_media":7850,"template":"","meta":{"_acf_changed":false,"inline_featured_image":false},"product_brand":[],"product_cat":[145,49,59],"product_tag":[],"class_list":{"0":"post-7839","1":"product","2":"type-product","3":"status-publish","4":"has-post-thumbnail","6":"product_cat-crazy-bananas","7":"product_cat-obroze","8":"product_cat-obroza-polzaciskowa","10":"first","11":"instock","12":"taxable","13":"shipping-taxable","14":"purchasable","15":"product-type-variable"},"acf":[],"_links":{"self":[{"href":"https:\/\/dev.baylabel.eu\/en\/wp-json\/wp\/v2\/product\/7839","targetHints":{"allow":["GET"]}}],"collection":[{"href":"https:\/\/dev.baylabel.eu\/en\/wp-json\/wp\/v2\/product"}],"about":[{"href":"https:\/\/dev.baylabel.eu\/en\/wp-json\/wp\/v2\/types\/product"}],"wp:featuredmedia":[{"embeddable":true,"href":"https:\/\/dev.baylabel.eu\/en\/wp-json\/wp\/v2\/media\/7850"}],"wp:attachment":[{"href":"https:\/\/dev.baylabel.eu\/en\/wp-json\/wp\/v2\/media?parent=7839"}],"wp:term":[{"taxonomy":"product_brand","embeddable":true,"href":"https:\/\/dev.baylabel.eu\/en\/wp-json\/wp\/v2\/product_brand?post=7839"},{"taxonomy":"product_cat","embeddable":true,"href":"https:\/\/dev.baylabel.eu\/en\/wp-json\/wp\/v2\/product_cat?post=7839"},{"taxonomy":"product_tag","embeddable":true,"href":"https:\/\/dev.baylabel.eu\/en\/wp-json\/wp\/v2\/product_tag?post=7839"}],"curies":[{"name":"wp","href":"https:\/\/api.w.org\/{rel}","templated":true}]}}