{"id":806,"date":"2020-05-13T23:35:57","date_gmt":"2020-05-13T21:35:57","guid":{"rendered":"http:\/\/eyfciph.cluster028.hosting.ovh.net\/?post_type=product&#038;p=806"},"modified":"2025-07-23T11:39:37","modified_gmt":"2025-07-23T09:39:37","slug":"szelki-wild-child","status":"publish","type":"product","link":"https:\/\/dev.baylabel.eu\/en\/product\/szelki-wild-child\/","title":{"rendered":"Dog Harness \u2013 Wild Child"},"content":{"rendered":"<p><strong>Wild Child\u00a0<\/strong>\u2013 R\u00f3\u017c i habazie, idealne po\u0142\u0105czenie aby stylowo rozpocz\u0105\u0107 wiosenn\u0105 por\u0119. Nadaje si\u0119 do kompletowania ze wzorem Lastrico Lady.<\/p>\n<p><strong>ta\u015bma:<\/strong>\u00a0mocna, g\u0142adka ta\u015bma z naszym autorskim wzorem, kt\u00f3ra zachowuje sw\u00f3j wygl\u0105d na d\u0142ugo. Bardzo \u0142atwa w czyszczeniu i piel\u0119gnacji.<\/p>\n<p><strong>okucia:<\/strong>\u00a0metalowe elementy zosta\u0142y pokryte czarnym kolorem zabezpieczaj\u0105cym akcesoria przed korozj\u0105.<\/p>\n<p><strong>projekt wzoru<\/strong>: Rafa\u0142 Filipek<\/p>","protected":false},"excerpt":{"rendered":"<p>Wild Child\u00a0\u2013 R\u00f3\u017c i habazie, idealne po\u0142\u0105czenie aby stylowo rozpocz\u0105\u0107 wiosenn\u0105 por\u0119. Nadaje si\u0119 do kompletowania ze wzorem Lastrico Lady. ta\u015bma:\u00a0mocna, g\u0142adka ta\u015bma z naszym autorskim wzorem, kt\u00f3ra zachowuje sw\u00f3j wygl\u0105d na d\u0142ugo. Bardzo \u0142atwa w czyszczeniu i piel\u0119gnacji. okucia:\u00a0metalowe elementy zosta\u0142y pokryte czarnym kolorem zabezpieczaj\u0105cym akcesoria przed korozj\u0105. projekt wzoru: Rafa\u0142 Filipek<\/p>","protected":false},"featured_media":837,"template":"","meta":{"_acf_changed":false,"inline_featured_image":false},"product_brand":[],"product_cat":[64,204],"product_tag":[],"class_list":{"0":"post-806","1":"product","2":"type-product","3":"status-publish","4":"has-post-thumbnail","6":"product_cat-szelki","7":"product_cat-wild-child","9":"first","10":"instock","11":"taxable","12":"shipping-taxable","13":"purchasable","14":"product-type-variable"},"acf":[],"_links":{"self":[{"href":"https:\/\/dev.baylabel.eu\/en\/wp-json\/wp\/v2\/product\/806","targetHints":{"allow":["GET"]}}],"collection":[{"href":"https:\/\/dev.baylabel.eu\/en\/wp-json\/wp\/v2\/product"}],"about":[{"href":"https:\/\/dev.baylabel.eu\/en\/wp-json\/wp\/v2\/types\/product"}],"wp:featuredmedia":[{"embeddable":true,"href":"https:\/\/dev.baylabel.eu\/en\/wp-json\/wp\/v2\/media\/837"}],"wp:attachment":[{"href":"https:\/\/dev.baylabel.eu\/en\/wp-json\/wp\/v2\/media?parent=806"}],"wp:term":[{"taxonomy":"product_brand","embeddable":true,"href":"https:\/\/dev.baylabel.eu\/en\/wp-json\/wp\/v2\/product_brand?post=806"},{"taxonomy":"product_cat","embeddable":true,"href":"https:\/\/dev.baylabel.eu\/en\/wp-json\/wp\/v2\/product_cat?post=806"},{"taxonomy":"product_tag","embeddable":true,"href":"https:\/\/dev.baylabel.eu\/en\/wp-json\/wp\/v2\/product_tag?post=806"}],"curies":[{"name":"wp","href":"https:\/\/api.w.org\/{rel}","templated":true}]}}