{"id":852,"date":"2020-05-13T23:39:50","date_gmt":"2020-05-13T21:39:50","guid":{"rendered":"http:\/\/eyfciph.cluster028.hosting.ovh.net\/?post_type=product&#038;p=852"},"modified":"2025-07-23T11:39:20","modified_gmt":"2025-07-23T09:39:20","slug":"obroza-frozen-feathers","status":"publish","type":"product","link":"https:\/\/dev.baylabel.eu\/en\/product\/obroza-frozen-feathers\/","title":{"rendered":"Dog Collar \u2013 Frozen Feathers"},"content":{"rendered":"<p><strong>XS<\/strong> (21-25cm) <strong>S<\/strong> (28-35cm) <strong>M<\/strong> (34-45cm) <strong>L<\/strong> (40-55cm) <strong>XL<\/strong> (45-65cm)<\/p>\n<p><strong>Frozen Feathers\u00a0<\/strong>\u2013 Delikatny, pi\u0119knie wygl\u0105daj\u0105cy na ka\u017cdym futerku wz\u00f3r, kt\u00f3ry sprawi, \u017ce Tw\u00f3j psijaciel b\u0119dzie wygl\u0105da\u0107 elegancko.<\/p>\n<p><strong>ta\u015bma:<\/strong>\u00a0mocna, g\u0142adka ta\u015bma z naszym autorskim wzorem, kt\u00f3ra zachowuje sw\u00f3j wygl\u0105d na d\u0142ugo. Bardzo \u0142atwa w czyszczeniu i piel\u0119gnacji.<\/p>\n<p><strong>okucia:<\/strong>\u00a0metalowe elementy zosta\u0142y pokryte czarnym kolorem zabezpieczaj\u0105cym akcesoria przed korozj\u0105.<\/p>","protected":false},"excerpt":{"rendered":"<p>XS (21-25cm) S (28-35cm) M (34-45cm) L (40-55cm) XL (45-65cm) Frozen Feathers\u00a0\u2013 Delikatny, pi\u0119knie wygl\u0105daj\u0105cy na ka\u017cdym futerku wz\u00f3r, kt\u00f3ry sprawi, \u017ce Tw\u00f3j psijaciel b\u0119dzie wygl\u0105da\u0107 elegancko. ta\u015bma:\u00a0mocna, g\u0142adka ta\u015bma z naszym autorskim wzorem, kt\u00f3ra zachowuje sw\u00f3j wygl\u0105d na d\u0142ugo. Bardzo \u0142atwa w czyszczeniu i piel\u0119gnacji. okucia:\u00a0metalowe elementy zosta\u0142y pokryte czarnym kolorem zabezpieczaj\u0105cym akcesoria przed [&hellip;]<\/p>","protected":false},"featured_media":853,"template":"","meta":{"_acf_changed":false,"inline_featured_image":false},"product_brand":[],"product_cat":[151,49,50],"product_tag":[],"class_list":{"0":"post-852","1":"product","2":"type-product","3":"status-publish","4":"has-post-thumbnail","6":"product_cat-frozen-feathers","7":"product_cat-obroze","8":"product_cat-obroze-obroze","10":"first","11":"instock","12":"taxable","13":"shipping-taxable","14":"purchasable","15":"product-type-variable"},"acf":[],"_links":{"self":[{"href":"https:\/\/dev.baylabel.eu\/en\/wp-json\/wp\/v2\/product\/852","targetHints":{"allow":["GET"]}}],"collection":[{"href":"https:\/\/dev.baylabel.eu\/en\/wp-json\/wp\/v2\/product"}],"about":[{"href":"https:\/\/dev.baylabel.eu\/en\/wp-json\/wp\/v2\/types\/product"}],"wp:featuredmedia":[{"embeddable":true,"href":"https:\/\/dev.baylabel.eu\/en\/wp-json\/wp\/v2\/media\/853"}],"wp:attachment":[{"href":"https:\/\/dev.baylabel.eu\/en\/wp-json\/wp\/v2\/media?parent=852"}],"wp:term":[{"taxonomy":"product_brand","embeddable":true,"href":"https:\/\/dev.baylabel.eu\/en\/wp-json\/wp\/v2\/product_brand?post=852"},{"taxonomy":"product_cat","embeddable":true,"href":"https:\/\/dev.baylabel.eu\/en\/wp-json\/wp\/v2\/product_cat?post=852"},{"taxonomy":"product_tag","embeddable":true,"href":"https:\/\/dev.baylabel.eu\/en\/wp-json\/wp\/v2\/product_tag?post=852"}],"curies":[{"name":"wp","href":"https:\/\/api.w.org\/{rel}","templated":true}]}}