{"id":904,"date":"2020-05-13T23:53:27","date_gmt":"2020-05-13T21:53:27","guid":{"rendered":"http:\/\/eyfciph.cluster028.hosting.ovh.net\/?post_type=product&#038;p=904"},"modified":"2025-07-23T11:38:57","modified_gmt":"2025-07-23T09:38:57","slug":"obroza-uni-world","status":"publish","type":"product","link":"https:\/\/dev.baylabel.eu\/en\/product\/obroza-uni-world\/","title":{"rendered":"Dog Collar \u2013 Uni World"},"content":{"rendered":"<p><strong>XS<\/strong> (21-25cm) <strong>S<\/strong> (28-35cm) <strong>M<\/strong> (34-45cm) <strong>L<\/strong> (40-55cm) <strong>XL<\/strong> (45-65cm)<\/p>\n<p><strong>Uni World<\/strong>\u00a0\u2013 Jednoro\u017cce to ju\u017c nasz kultowy wz\u00f3r, podbi\u0142y Wasze serca, a teraz powracaj\u0105 w nowej, mo\u017cna rzec bardziej m\u0119skiej-mi\u0119towej wersji. Przep\u0119d\u017a z jednoro\u017ccowym wzorem wszelkie troski i zmartwienia!<\/p>\n<p><strong>ta\u015bma:<\/strong>\u00a0mocna, g\u0142adka ta\u015bma z naszym autorskim wzorem, kt\u00f3ra zachowuje sw\u00f3j wygl\u0105d na d\u0142ugo. Bardzo \u0142atwa w czyszczeniu i piel\u0119gnacji.<\/p>\n<p><strong>okucia:<\/strong>\u00a0metalowe elementy zosta\u0142y pokryte czarnym kolorem zabezpieczaj\u0105cym akcesoria przed korozj\u0105.<\/p>\n<p><strong>ta\u015bma zadrukowana dwustronnie, z jednej strony kolor mi\u0119towy z drugiej r\u00f3\u017cowy.<\/strong><\/p>","protected":false},"excerpt":{"rendered":"<p>XS (21-25cm) S (28-35cm) M (34-45cm) L (40-55cm) XL (45-65cm) Uni World\u00a0\u2013 Jednoro\u017cce to ju\u017c nasz kultowy wz\u00f3r, podbi\u0142y Wasze serca, a teraz powracaj\u0105 w nowej, mo\u017cna rzec bardziej m\u0119skiej-mi\u0119towej wersji. Przep\u0119d\u017a z jednoro\u017ccowym wzorem wszelkie troski i zmartwienia! ta\u015bma:\u00a0mocna, g\u0142adka ta\u015bma z naszym autorskim wzorem, kt\u00f3ra zachowuje sw\u00f3j wygl\u0105d na d\u0142ugo. Bardzo \u0142atwa w [&hellip;]<\/p>","protected":false},"featured_media":908,"template":"","meta":{"_acf_changed":false,"inline_featured_image":false},"product_brand":[],"product_cat":[49,50,199],"product_tag":[],"class_list":{"0":"post-904","1":"product","2":"type-product","3":"status-publish","4":"has-post-thumbnail","6":"product_cat-obroze","7":"product_cat-obroze-obroze","8":"product_cat-uni-world","10":"first","11":"instock","12":"taxable","13":"shipping-taxable","14":"purchasable","15":"product-type-variable"},"acf":[],"_links":{"self":[{"href":"https:\/\/dev.baylabel.eu\/en\/wp-json\/wp\/v2\/product\/904","targetHints":{"allow":["GET"]}}],"collection":[{"href":"https:\/\/dev.baylabel.eu\/en\/wp-json\/wp\/v2\/product"}],"about":[{"href":"https:\/\/dev.baylabel.eu\/en\/wp-json\/wp\/v2\/types\/product"}],"wp:featuredmedia":[{"embeddable":true,"href":"https:\/\/dev.baylabel.eu\/en\/wp-json\/wp\/v2\/media\/908"}],"wp:attachment":[{"href":"https:\/\/dev.baylabel.eu\/en\/wp-json\/wp\/v2\/media?parent=904"}],"wp:term":[{"taxonomy":"product_brand","embeddable":true,"href":"https:\/\/dev.baylabel.eu\/en\/wp-json\/wp\/v2\/product_brand?post=904"},{"taxonomy":"product_cat","embeddable":true,"href":"https:\/\/dev.baylabel.eu\/en\/wp-json\/wp\/v2\/product_cat?post=904"},{"taxonomy":"product_tag","embeddable":true,"href":"https:\/\/dev.baylabel.eu\/en\/wp-json\/wp\/v2\/product_tag?post=904"}],"curies":[{"name":"wp","href":"https:\/\/api.w.org\/{rel}","templated":true}]}}