{"id":994,"date":"2020-05-14T00:21:39","date_gmt":"2020-05-13T22:21:39","guid":{"rendered":"http:\/\/eyfciph.cluster028.hosting.ovh.net\/?post_type=product&#038;p=994"},"modified":"2025-07-23T11:37:59","modified_gmt":"2025-07-23T09:37:59","slug":"obroza-blacknwhite","status":"publish","type":"product","link":"https:\/\/dev.baylabel.eu\/en\/product\/obroza-blacknwhite\/","title":{"rendered":"Dog Collar \u2013 Black`n`White"},"content":{"rendered":"<p><strong>XS<\/strong> (21-25cm) <strong>S<\/strong> (28-35cm) <strong>M<\/strong> (34-45cm) <strong>L<\/strong> (40-55cm) <strong>XL<\/strong> (45-65cm)<\/p>\n<p><strong>Black \u2018n\u2019 White\u00a0<\/strong>\u2013 pepitkowy, klasyczny wz\u00f3r, w kt\u00f3rym Tw\u00f3j pies b\u0119dzie wygl\u0105da\u0142 bardzo elegancko. Uwaga! Istnieje ryzyko, \u017ce pies przy\u0107mi tw\u00f3j outfit, wi\u0119c prosz\u0119 stosowa\u0107 wz\u00f3r z umiarem =P<\/p>\n<p><strong>ta\u015bma:<\/strong>\u00a0mocna, g\u0142adka ta\u015bma z naszym autorskim wzorem, kt\u00f3ra zachowuje sw\u00f3j wygl\u0105d na d\u0142ugo. Bardzo \u0142atwa w czyszczeniu i piel\u0119gnacji.<\/p>\n<p><strong>okucia:<\/strong>\u00a0metalowe elementy zosta\u0142y pokryte czarnym kolorem zabezpieczaj\u0105cym akcesoria przed korozj\u0105.<\/p>","protected":false},"excerpt":{"rendered":"<p>XS (21-25cm) S (28-35cm) M (34-45cm) L (40-55cm) XL (45-65cm) Black \u2018n\u2019 White\u00a0\u2013 pepitkowy, klasyczny wz\u00f3r, w kt\u00f3rym Tw\u00f3j pies b\u0119dzie wygl\u0105da\u0142 bardzo elegancko. Uwaga! Istnieje ryzyko, \u017ce pies przy\u0107mi tw\u00f3j outfit, wi\u0119c prosz\u0119 stosowa\u0107 wz\u00f3r z umiarem =P ta\u015bma:\u00a0mocna, g\u0142adka ta\u015bma z naszym autorskim wzorem, kt\u00f3ra zachowuje sw\u00f3j wygl\u0105d na d\u0142ugo. Bardzo \u0142atwa w [&hellip;]<\/p>","protected":false},"featured_media":995,"template":"","meta":{"_acf_changed":false,"inline_featured_image":false},"product_brand":[],"product_cat":[138,50,49],"product_tag":[],"class_list":{"0":"post-994","1":"product","2":"type-product","3":"status-publish","4":"has-post-thumbnail","6":"product_cat-blacknwhite","7":"product_cat-obroze-obroze","8":"product_cat-obroze","10":"first","11":"instock","12":"taxable","13":"shipping-taxable","14":"purchasable","15":"product-type-variable"},"acf":[],"_links":{"self":[{"href":"https:\/\/dev.baylabel.eu\/en\/wp-json\/wp\/v2\/product\/994","targetHints":{"allow":["GET"]}}],"collection":[{"href":"https:\/\/dev.baylabel.eu\/en\/wp-json\/wp\/v2\/product"}],"about":[{"href":"https:\/\/dev.baylabel.eu\/en\/wp-json\/wp\/v2\/types\/product"}],"wp:featuredmedia":[{"embeddable":true,"href":"https:\/\/dev.baylabel.eu\/en\/wp-json\/wp\/v2\/media\/995"}],"wp:attachment":[{"href":"https:\/\/dev.baylabel.eu\/en\/wp-json\/wp\/v2\/media?parent=994"}],"wp:term":[{"taxonomy":"product_brand","embeddable":true,"href":"https:\/\/dev.baylabel.eu\/en\/wp-json\/wp\/v2\/product_brand?post=994"},{"taxonomy":"product_cat","embeddable":true,"href":"https:\/\/dev.baylabel.eu\/en\/wp-json\/wp\/v2\/product_cat?post=994"},{"taxonomy":"product_tag","embeddable":true,"href":"https:\/\/dev.baylabel.eu\/en\/wp-json\/wp\/v2\/product_tag?post=994"}],"curies":[{"name":"wp","href":"https:\/\/api.w.org\/{rel}","templated":true}]}}